{"id":70,"date":"2011-12-05T02:15:42","date_gmt":"2011-12-05T02:15:42","guid":{"rendered":"http:\/\/www.carloschavezarte.com\/?page_id=70"},"modified":"2012-02-05T21:55:54","modified_gmt":"2012-02-06T03:55:54","slug":"contact","status":"publish","type":"page","link":"http:\/\/www.carloschavezarte.com\/?page_id=70","title":{"rendered":"Contact"},"content":{"rendered":"<p>I welcome your comments or inquiries about my art. If you are visiting Antigua, Guatemala, and would like to view my work, you can contact me to set up an appointment. I look forward to hearing from you.<\/p>\n<p>Sus comentarios o inquietudes acerca de mi arte son bienvenidos.<br \/>\nSi visita La Antigua Guatemala y quisiera ver mi obra puede contactarme para concertar una cita, atender\u00e9 con inter\u00e9s su comunicaci\u00f3n. <\/p>\n<style>\n#site {\n    background-color: #45450d;\n}\nbody {\n    color: #dedbde;\n}\n<\/style>\n","protected":false},"excerpt":{"rendered":"<p>I welcome your comments or inquiries about my art. If you are visiting Antigua, Guatemala, and would like to view my work, you can contact me to set up an appointment. I look forward to hearing from you. Sus comentarios o inquietudes acerca de mi arte son bienvenidos. Si visita La Antigua Guatemala y quisiera [&hellip;]<\/p>\n","protected":false},"author":1,"featured_media":0,"parent":0,"menu_order":6,"comment_status":"open","ping_status":"open","template":"template-contact.php","meta":[],"_links":{"self":[{"href":"http:\/\/www.carloschavezarte.com\/index.php?rest_route=\/wp\/v2\/pages\/70"}],"collection":[{"href":"http:\/\/www.carloschavezarte.com\/index.php?rest_route=\/wp\/v2\/pages"}],"about":[{"href":"http:\/\/www.carloschavezarte.com\/index.php?rest_route=\/wp\/v2\/types\/page"}],"author":[{"embeddable":true,"href":"http:\/\/www.carloschavezarte.com\/index.php?rest_route=\/wp\/v2\/users\/1"}],"replies":[{"embeddable":true,"href":"http:\/\/www.carloschavezarte.com\/index.php?rest_route=%2Fwp%2Fv2%2Fcomments&post=70"}],"version-history":[{"count":21,"href":"http:\/\/www.carloschavezarte.com\/index.php?rest_route=\/wp\/v2\/pages\/70\/revisions"}],"predecessor-version":[{"id":85,"href":"http:\/\/www.carloschavezarte.com\/index.php?rest_route=\/wp\/v2\/pages\/70\/revisions\/85"}],"wp:attachment":[{"href":"http:\/\/www.carloschavezarte.com\/index.php?rest_route=%2Fwp%2Fv2%2Fmedia&parent=70"}],"curies":[{"name":"wp","href":"https:\/\/api.w.org\/{rel}","templated":true}]}}